{"id":95,"date":"2026-03-11T10:05:19","date_gmt":"2026-03-11T10:05:19","guid":{"rendered":"https:\/\/programmering-for-alle.dk\/?page_id=95"},"modified":"2026-04-08T08:36:38","modified_gmt":"2026-04-08T08:36:38","slug":"om","status":"publish","type":"page","link":"https:\/\/programmering-for-alle.dk\/index.php\/om\/","title":{"rendered":"Om&#8230;"},"content":{"rendered":"\t\t<div data-elementor-type=\"wp-page\" data-elementor-id=\"95\" class=\"elementor elementor-95\" data-elementor-post-type=\"page\">\n\t\t\t\t<div class=\"elementor-element elementor-element-fa3e571 e-flex e-con-boxed e-con e-parent\" data-id=\"fa3e571\" data-element_type=\"container\" data-e-type=\"container\">\n\t\t\t\t\t<div class=\"e-con-inner\">\n\t\t\t\t<div class=\"elementor-element elementor-element-cb5c1ba elementor-widget elementor-widget-text-editor\" data-id=\"cb5c1ba\" data-element_type=\"widget\" data-e-type=\"widget\" data-widget_type=\"text-editor.default\">\n\t\t\t\t\t\t\t\t\t<p class=\"p1\">Mit navn er Kirsten Dam Pedersen.<\/p><p>Jeg har undervist i programmering for b\u00f8rn siden 2012 og i mange forskellige sammenh\u00e6nge:<\/p><ul><li>Workshops for h\u00f8jtbegavede b\u00f8rn 2012-nu<br \/><br \/><\/li><li>Workshops for almindelige b\u00f8rn 2012 &#8211; nu<br \/><br \/><\/li><li>Almindelige og specialklasser (0.-7. Klasse) p\u00e5 Munkek\u00e6rskolen 2020 &#8211; nu<br \/><br \/><\/li><li>Ungdomsskolehold i Greve i 2023-2026 (6.-9. klasse)<\/li><\/ul>\t\t\t\t\t\t\t\t<\/div>\n\t\t\t\t\t<\/div>\n\t\t\t\t<\/div>\n\t\t<div class=\"elementor-element elementor-element-f5560e1 e-flex e-con-boxed e-con e-parent\" data-id=\"f5560e1\" data-element_type=\"container\" data-e-type=\"container\">\n\t\t\t\t\t<div class=\"e-con-inner\">\n\t\t\t\t<div class=\"elementor-element elementor-element-2872c2d elementor-widget-divider--view-line elementor-widget elementor-widget-global elementor-global-314 elementor-widget-divider\" data-id=\"2872c2d\" data-element_type=\"widget\" data-e-type=\"widget\" data-widget_type=\"divider.default\">\n\t\t\t\t\t\t\t<div class=\"elementor-divider\">\n\t\t\t<span class=\"elementor-divider-separator\">\n\t\t\t\t\t\t<\/span>\n\t\t<\/div>\n\t\t\t\t\t\t<\/div>\n\t\t\t\t\t<\/div>\n\t\t\t\t<\/div>\n\t\t<div class=\"elementor-element elementor-element-c0d8710 e-flex e-con-boxed e-con e-parent\" data-id=\"c0d8710\" data-element_type=\"container\" data-e-type=\"container\">\n\t\t\t\t\t<div class=\"e-con-inner\">\n\t\t\t\t<div class=\"elementor-element elementor-element-b131116 elementor-widget elementor-widget-text-editor\" data-id=\"b131116\" data-element_type=\"widget\" data-e-type=\"widget\" data-widget_type=\"text-editor.default\">\n\t\t\t\t\t\t\t\t\t<p>Til daglig arbejder jeg som skolebibliotekar og underviser p\u00e5 Munkek\u00e6rskolen i Solr\u00f8d Strand, hvor jeg blandt andet har indf\u00f8rt faste programmeringsforl\u00f8b p\u00e5 1.-5. \u00e5rgang. Derudover afholder jeg workshops i weekender og skoleferier og har mulighed for at komme ud p\u00e5 andre skoler i l\u00f8bet af skole\u00e5ret, hvis det bliver planlagt i god tid.<\/p><p>Jeg har valgt at dele ud af mine opskrifter og tips og tricks til programmering, fordi jeg gerne vil give b\u00f8rn en alternativ m\u00e5de at l\u00e6re p\u00e5.\u00a0<\/p><p>Opskrifterne kan b\u00e5de\u00a0 bruges derhjemme, i skolen, i sfo&#8217;en, i klubben eller p\u00e5 ungdomsskolen &#8211; af barnet selv eller den, som gerne vil undervise selv.<\/p><p>Hvis I gerne vil hj\u00e6lpes p\u00e5 vej, kan\u00a0 jeg bookes til at komme ud og st\u00e5 for undervisningen b\u00e5de sammen med b\u00f8rnene, men kan ogs\u00e5 kl\u00e6de jer l\u00e6rere eller p\u00e6dagoger p\u00e5 til selv at kunne st\u00e5 for det med tiden &#8211; l\u00e6s mere under <a href=\"https:\/\/programmering-for-alle.dk\/index.php\/brug-for-hjaelp\/\">Brug for hj\u00e6lp?<\/a><\/p>\t\t\t\t\t\t\t\t<\/div>\n\t\t\t\t\t<\/div>\n\t\t\t\t<\/div>\n\t\t\t\t<\/div>\n\t\t","protected":false},"excerpt":{"rendered":"<p>Mit navn er Kirsten Dam Pedersen. Jeg har undervist i programmering for b\u00f8rn siden 2012 og i mange forskellige sammenh\u00e6nge: Workshops for h\u00f8jtbegavede b\u00f8rn 2012-nu Workshops for almindelige b\u00f8rn 2012 &#8211; nu Almindelige og specialklasser (0.-7. Klasse) p\u00e5 Munkek\u00e6rskolen 2020 &#8211; nu Ungdomsskolehold i Greve i 2023-2026 (6.-9. klasse) Til daglig arbejder jeg som skolebibliotekar &#8230; <a title=\"Om&#8230;\" class=\"read-more\" href=\"https:\/\/programmering-for-alle.dk\/index.php\/om\/\" aria-label=\"Read more about Om&#8230;\">L\u00e6s mere <\/a><\/p>\n","protected":false},"author":1,"featured_media":0,"parent":0,"menu_order":0,"comment_status":"closed","ping_status":"closed","template":"","meta":{"footnotes":""},"class_list":["post-95","page","type-page","status-publish"],"_links":{"self":[{"href":"https:\/\/programmering-for-alle.dk\/index.php\/wp-json\/wp\/v2\/pages\/95","targetHints":{"allow":["GET"]}}],"collection":[{"href":"https:\/\/programmering-for-alle.dk\/index.php\/wp-json\/wp\/v2\/pages"}],"about":[{"href":"https:\/\/programmering-for-alle.dk\/index.php\/wp-json\/wp\/v2\/types\/page"}],"author":[{"embeddable":true,"href":"https:\/\/programmering-for-alle.dk\/index.php\/wp-json\/wp\/v2\/users\/1"}],"replies":[{"embeddable":true,"href":"https:\/\/programmering-for-alle.dk\/index.php\/wp-json\/wp\/v2\/comments?post=95"}],"version-history":[{"count":16,"href":"https:\/\/programmering-for-alle.dk\/index.php\/wp-json\/wp\/v2\/pages\/95\/revisions"}],"predecessor-version":[{"id":574,"href":"https:\/\/programmering-for-alle.dk\/index.php\/wp-json\/wp\/v2\/pages\/95\/revisions\/574"}],"wp:attachment":[{"href":"https:\/\/programmering-for-alle.dk\/index.php\/wp-json\/wp\/v2\/media?parent=95"}],"curies":[{"name":"wp","href":"https:\/\/api.w.org\/{rel}","templated":true}]}}