{"id":90,"date":"2026-03-11T10:04:38","date_gmt":"2026-03-11T10:04:38","guid":{"rendered":"https:\/\/programmering-for-alle.dk\/?page_id=90"},"modified":"2026-03-17T16:33:48","modified_gmt":"2026-03-17T16:33:48","slug":"python","status":"publish","type":"page","link":"https:\/\/programmering-for-alle.dk\/index.php\/python\/","title":{"rendered":"Python"},"content":{"rendered":"\t\t<div data-elementor-type=\"wp-page\" data-elementor-id=\"90\" class=\"elementor elementor-90\" data-elementor-post-type=\"page\">\n\t\t\t\t<div class=\"elementor-element elementor-element-79f4e7a e-flex e-con-boxed e-con e-parent\" data-id=\"79f4e7a\" data-element_type=\"container\" data-e-type=\"container\">\n\t\t\t\t\t<div class=\"e-con-inner\">\n\t\t\t\t<div class=\"elementor-element elementor-element-4d29821 elementor-widget elementor-widget-text-editor\" data-id=\"4d29821\" data-element_type=\"widget\" data-e-type=\"widget\" data-widget_type=\"text-editor.default\">\n\t\t\t\t\t\t\t\t\t<p><strong>Python er et professionelt programmeringssprog, hvor alt koden skrives som tekst. <\/strong><\/p><p>Det er gratis at bruge, hvis man selv kan installere programmer p\u00e5 sin computer.<\/p><p>I mine workshops og opskrifter viser jeg f\u00f8rst, hvordan koden ser ud i Scratch og bagefter i Python. hvor selv en indrykning, et forkert stort eller lille bogstav eller tegn, kan f\u00e5 projektet til at fejle. Jeg h\u00e5ber, at denne m\u00e5de vil g\u00f8re det lettere at l\u00e6re det nye programmeringssprog.<\/p>\t\t\t\t\t\t\t\t<\/div>\n\t\t\t\t\t<\/div>\n\t\t\t\t<\/div>\n\t\t<div class=\"elementor-element elementor-element-a0e4fe8 e-flex e-con-boxed e-con e-parent\" data-id=\"a0e4fe8\" data-element_type=\"container\" data-e-type=\"container\">\n\t\t\t\t\t<div class=\"e-con-inner\">\n\t\t\t\t<div class=\"elementor-element elementor-element-b0e339d elementor-widget-divider--view-line elementor-widget elementor-widget-global elementor-global-429 elementor-widget-divider\" data-id=\"b0e339d\" data-element_type=\"widget\" data-e-type=\"widget\" data-widget_type=\"divider.default\">\n\t\t\t\t\t\t\t<div class=\"elementor-divider\">\n\t\t\t<span class=\"elementor-divider-separator\">\n\t\t\t\t\t\t<\/span>\n\t\t<\/div>\n\t\t\t\t\t\t<\/div>\n\t\t<div class=\"elementor-element elementor-element-89d34cd e-grid e-con-full e-con e-child\" data-id=\"89d34cd\" data-element_type=\"container\" data-e-type=\"container\">\n\t\t\t\t<div class=\"elementor-element elementor-element-45d46ce elementor-widget elementor-widget-image\" data-id=\"45d46ce\" data-element_type=\"widget\" data-e-type=\"widget\" data-widget_type=\"image.default\">\n\t\t\t\t\t\t\t\t\t\t\t\t\t\t\t<img fetchpriority=\"high\" decoding=\"async\" width=\"1024\" height=\"809\" src=\"https:\/\/programmering-for-alle.dk\/wp-content\/uploads\/2026\/03\/allernyeste-spiral-scratch-1024x809.png\" class=\"attachment-large size-large wp-image-450\" alt=\"Eksempel p\u00e5 spiral i Scratch\" srcset=\"https:\/\/programmering-for-alle.dk\/wp-content\/uploads\/2026\/03\/allernyeste-spiral-scratch-1024x809.png 1024w, https:\/\/programmering-for-alle.dk\/wp-content\/uploads\/2026\/03\/allernyeste-spiral-scratch-300x237.png 300w, https:\/\/programmering-for-alle.dk\/wp-content\/uploads\/2026\/03\/allernyeste-spiral-scratch-768x607.png 768w, https:\/\/programmering-for-alle.dk\/wp-content\/uploads\/2026\/03\/allernyeste-spiral-scratch.png 1298w\" sizes=\"(max-width: 1024px) 100vw, 1024px\" \/>\t\t\t\t\t\t\t\t\t\t\t\t\t\t\t<\/div>\n\t\t\t\t<div class=\"elementor-element elementor-element-2f44542 elementor-widget elementor-widget-image\" data-id=\"2f44542\" data-element_type=\"widget\" data-e-type=\"widget\" data-widget_type=\"image.default\">\n\t\t\t\t\t\t\t\t\t\t\t\t\t\t\t<img decoding=\"async\" width=\"852\" height=\"1024\" data-src=\"https:\/\/programmering-for-alle.dk\/wp-content\/uploads\/2026\/03\/260126-2-spiral-852x1024.png\" class=\"attachment-large size-large wp-image-449 lazyload\" alt=\"Eksempel p\u00e5 spiral i Python\" data-srcset=\"https:\/\/programmering-for-alle.dk\/wp-content\/uploads\/2026\/03\/260126-2-spiral-852x1024.png 852w, https:\/\/programmering-for-alle.dk\/wp-content\/uploads\/2026\/03\/260126-2-spiral-250x300.png 250w, https:\/\/programmering-for-alle.dk\/wp-content\/uploads\/2026\/03\/260126-2-spiral-768x923.png 768w, https:\/\/programmering-for-alle.dk\/wp-content\/uploads\/2026\/03\/260126-2-spiral.png 1158w\" data-sizes=\"(max-width: 852px) 100vw, 852px\" src=\"data:image\/svg+xml;base64,PHN2ZyB3aWR0aD0iMSIgaGVpZ2h0PSIxIiB4bWxucz0iaHR0cDovL3d3dy53My5vcmcvMjAwMC9zdmciPjwvc3ZnPg==\" style=\"--smush-placeholder-width: 852px; --smush-placeholder-aspect-ratio: 852\/1024;\" \/>\t\t\t\t\t\t\t\t\t\t\t\t\t\t\t<\/div>\n\t\t\t\t<\/div>\n\t\t\t\t\t<\/div>\n\t\t\t\t<\/div>\n\t\t<div class=\"elementor-element elementor-element-e571274 e-flex e-con-boxed e-con e-parent\" data-id=\"e571274\" data-element_type=\"container\" data-e-type=\"container\">\n\t\t\t\t\t<div class=\"e-con-inner\">\n\t\t\t\t<div class=\"elementor-element elementor-element-b088033 elementor-widget-divider--view-line elementor-widget elementor-widget-global elementor-global-429 elementor-widget-divider\" data-id=\"b088033\" data-element_type=\"widget\" data-e-type=\"widget\" data-widget_type=\"divider.default\">\n\t\t\t\t\t\t\t<div class=\"elementor-divider\">\n\t\t\t<span class=\"elementor-divider-separator\">\n\t\t\t\t\t\t<\/span>\n\t\t<\/div>\n\t\t\t\t\t\t<\/div>\n\t\t\t\t\t<\/div>\n\t\t\t\t<\/div>\n\t\t<div class=\"elementor-element elementor-element-be1b1ea e-flex e-con-boxed e-con e-parent\" data-id=\"be1b1ea\" data-element_type=\"container\" data-e-type=\"container\">\n\t\t\t\t\t<div class=\"e-con-inner\">\n\t\t\t\t<div class=\"elementor-element elementor-element-ba394ea elementor-widget elementor-widget-text-editor\" data-id=\"ba394ea\" data-element_type=\"widget\" data-e-type=\"widget\" data-widget_type=\"text-editor.default\">\n\t\t\t\t\t\t\t\t\t<p><a href=\"https:\/\/programmering-for-alle.dk\/index.php\/python\/goer-python-klar\/\">G\u00f8r python klar<\/a> (download og install\u00e9r)<\/p>\t\t\t\t\t\t\t\t<\/div>\n\t\t\t\t\t<\/div>\n\t\t\t\t<\/div>\n\t\t<div class=\"elementor-element elementor-element-4a33d9f e-flex e-con-boxed e-con e-parent\" data-id=\"4a33d9f\" data-element_type=\"container\" data-e-type=\"container\">\n\t\t\t\t\t<div class=\"e-con-inner\">\n\t\t\t\t<div class=\"elementor-element elementor-element-dfaf1b2 elementor-widget-divider--view-line elementor-widget elementor-widget-global elementor-global-429 elementor-widget-divider\" data-id=\"dfaf1b2\" data-element_type=\"widget\" data-e-type=\"widget\" data-widget_type=\"divider.default\">\n\t\t\t\t\t\t\t<div class=\"elementor-divider\">\n\t\t\t<span class=\"elementor-divider-separator\">\n\t\t\t\t\t\t<\/span>\n\t\t<\/div>\n\t\t\t\t\t\t<\/div>\n\t\t\t\t\t<\/div>\n\t\t\t\t<\/div>\n\t\t<div class=\"elementor-element elementor-element-e1d93a0 e-flex e-con-boxed e-con e-parent\" data-id=\"e1d93a0\" data-element_type=\"container\" data-e-type=\"container\">\n\t\t\t\t\t<div class=\"e-con-inner\">\n\t\t\t\t<div class=\"elementor-element elementor-element-48e4c96 elementor-widget elementor-widget-heading\" data-id=\"48e4c96\" data-element_type=\"widget\" data-e-type=\"widget\" data-widget_type=\"heading.default\">\n\t\t\t\t\t<h3 class=\"elementor-heading-title elementor-size-default\">Nyttige links<\/h3>\t\t\t\t<\/div>\n\t\t\t\t\t<\/div>\n\t\t\t\t<\/div>\n\t\t<div class=\"elementor-element elementor-element-1b668d1 e-flex e-con-boxed e-con e-parent\" data-id=\"1b668d1\" data-element_type=\"container\" data-e-type=\"container\">\n\t\t\t\t\t<div class=\"e-con-inner\">\n\t\t\t\t<div class=\"elementor-element elementor-element-cd556d8 elementor-widget elementor-widget-text-editor\" data-id=\"cd556d8\" data-element_type=\"widget\" data-e-type=\"widget\" data-widget_type=\"text-editor.default\">\n\t\t\t\t\t\t\t\t\t<p><a href=\"https:\/\/trinket.io\/docs\/colors\" target=\"_blank\" rel=\"noopener\">Oversigt over farver til Turtle<\/a><\/p><p><a href=\"https:\/\/cs111.wellesley.edu\/archive\/cs111_fall14\/public_html\/labs\/lab12\/tkintercolor.html\" target=\"_blank\" rel=\"noopener\">Oversigt over farver til Tkinter<\/a><\/p><p><a href=\"https:\/\/www.pygame.org\/docs\/ref\/color_list.html\" target=\"_blank\" rel=\"noopener\">Oversigt over farver til Pygames<\/a><\/p><p><a href=\"https:\/\/www.youtube.com\/playlist?list=PLZPZq0r_RZOOkUQbat8LyQii36cJf2SWT\" target=\"_blank\" rel=\"noopener\">L\u00e6r mere om Python<\/a> &#8211; videotutorials p\u00e5 engelsk med Bro Code<\/p>\t\t\t\t\t\t\t\t<\/div>\n\t\t\t\t\t<\/div>\n\t\t\t\t<\/div>\n\t\t\t\t<\/div>\n\t\t","protected":false},"excerpt":{"rendered":"<p>Python er et professionelt programmeringssprog, hvor alt koden skrives som tekst. Det er gratis at bruge, hvis man selv kan installere programmer p\u00e5 sin computer. I mine workshops og opskrifter viser jeg f\u00f8rst, hvordan koden ser ud i Scratch og bagefter i Python. hvor selv en indrykning, et forkert stort eller lille bogstav eller tegn, &#8230; <a title=\"Python\" class=\"read-more\" href=\"https:\/\/programmering-for-alle.dk\/index.php\/python\/\" aria-label=\"Read more about Python\">L\u00e6s mere <\/a><\/p>\n","protected":false},"author":1,"featured_media":0,"parent":0,"menu_order":0,"comment_status":"closed","ping_status":"closed","template":"","meta":{"footnotes":""},"class_list":["post-90","page","type-page","status-publish"],"_links":{"self":[{"href":"https:\/\/programmering-for-alle.dk\/index.php\/wp-json\/wp\/v2\/pages\/90","targetHints":{"allow":["GET"]}}],"collection":[{"href":"https:\/\/programmering-for-alle.dk\/index.php\/wp-json\/wp\/v2\/pages"}],"about":[{"href":"https:\/\/programmering-for-alle.dk\/index.php\/wp-json\/wp\/v2\/types\/page"}],"author":[{"embeddable":true,"href":"https:\/\/programmering-for-alle.dk\/index.php\/wp-json\/wp\/v2\/users\/1"}],"replies":[{"embeddable":true,"href":"https:\/\/programmering-for-alle.dk\/index.php\/wp-json\/wp\/v2\/comments?post=90"}],"version-history":[{"count":19,"href":"https:\/\/programmering-for-alle.dk\/index.php\/wp-json\/wp\/v2\/pages\/90\/revisions"}],"predecessor-version":[{"id":490,"href":"https:\/\/programmering-for-alle.dk\/index.php\/wp-json\/wp\/v2\/pages\/90\/revisions\/490"}],"wp:attachment":[{"href":"https:\/\/programmering-for-alle.dk\/index.php\/wp-json\/wp\/v2\/media?parent=90"}],"curies":[{"name":"wp","href":"https:\/\/api.w.org\/{rel}","templated":true}]}}