{"id":428,"date":"2026-03-16T07:06:07","date_gmt":"2026-03-16T07:06:07","guid":{"rendered":"https:\/\/programmering-for-alle.dk\/?page_id=428"},"modified":"2026-03-16T07:14:27","modified_gmt":"2026-03-16T07:14:27","slug":"goer-python-klar","status":"publish","type":"page","link":"https:\/\/programmering-for-alle.dk\/index.php\/python\/goer-python-klar\/","title":{"rendered":"G\u00f8r Python klar"},"content":{"rendered":"\t\t<div data-elementor-type=\"wp-page\" data-elementor-id=\"428\" class=\"elementor elementor-428\" data-elementor-post-type=\"page\">\n\t\t\t\t<div class=\"elementor-element elementor-element-ebc3f70 e-flex e-con-boxed e-con e-parent\" data-id=\"ebc3f70\" data-element_type=\"container\" data-e-type=\"container\">\n\t\t\t\t\t<div class=\"e-con-inner\">\n\t\t\t\t<div class=\"elementor-element elementor-element-ea80522 elementor-widget elementor-widget-text-editor\" data-id=\"ea80522\" data-element_type=\"widget\" data-e-type=\"widget\" data-widget_type=\"text-editor.default\">\n\t\t\t\t\t\t\t\t\t<p>Python kr\u00e6ver en computer, hvor du selv kan installere programmer p\u00e5. Det betyder, at du i \u00f8jeblikket ikke kan deltage i en workshop med Python, hvis du kun har en Chromebook.<\/p><p>I Scratch er du vant til at alt k\u00f8rer samme sted. I Python er kodev\u00e6rkt\u00f8jet opdelt i:<\/p><p><strong>Python<\/strong> &#8211; maskindelen, der g\u00f8r det muligt at k\u00f8re Python p\u00e5 computeren<br \/><strong>Editor<\/strong> &#8211; hvor du kan lave dine projekter og teste dem<br \/><strong>Scenen<\/strong> &#8211; hvor du kan se resultatet. Den hedder lidt forskelligt afh\u00e6ngig af hvilken editor du bruger.<br \/><strong>Terminal<\/strong> &#8211; hvor du kan installere biblioteker med yderligere funktioner.<\/p>\t\t\t\t\t\t\t\t<\/div>\n\t\t\t\t\t<\/div>\n\t\t\t\t<\/div>\n\t\t<div class=\"elementor-element elementor-element-9424c4f e-flex e-con-boxed e-con e-parent\" data-id=\"9424c4f\" data-element_type=\"container\" data-e-type=\"container\">\n\t\t\t\t\t<div class=\"e-con-inner\">\n\t\t\t\t<div class=\"elementor-element elementor-element-ee524ca elementor-widget-divider--view-line elementor-widget elementor-widget-global elementor-global-429 elementor-widget-divider\" data-id=\"ee524ca\" data-element_type=\"widget\" data-e-type=\"widget\" data-widget_type=\"divider.default\">\n\t\t\t\t\t\t\t<div class=\"elementor-divider\">\n\t\t\t<span class=\"elementor-divider-separator\">\n\t\t\t\t\t\t<\/span>\n\t\t<\/div>\n\t\t\t\t\t\t<\/div>\n\t\t\t\t\t<\/div>\n\t\t\t\t<\/div>\n\t\t<div class=\"elementor-element elementor-element-3f1689a e-flex e-con-boxed e-con e-parent\" data-id=\"3f1689a\" data-element_type=\"container\" data-e-type=\"container\">\n\t\t\t\t\t<div class=\"e-con-inner\">\n\t\t\t\t<div class=\"elementor-element elementor-element-6111238 elementor-widget elementor-widget-heading\" data-id=\"6111238\" data-element_type=\"widget\" data-e-type=\"widget\" data-widget_type=\"heading.default\">\n\t\t\t\t\t<h2 class=\"elementor-heading-title elementor-size-default\">S\u00e5dan installerer du Python p\u00e5 computeren\n\n<\/h2>\t\t\t\t<\/div>\n\t\t\t\t\t<\/div>\n\t\t\t\t<\/div>\n\t\t<div class=\"elementor-element elementor-element-3951c33 e-flex e-con-boxed e-con e-parent\" data-id=\"3951c33\" data-element_type=\"container\" data-e-type=\"container\">\n\t\t\t\t\t<div class=\"e-con-inner\">\n\t\t\t\t<div class=\"elementor-element elementor-element-6fde615 elementor-widget elementor-widget-text-editor\" data-id=\"6fde615\" data-element_type=\"widget\" data-e-type=\"widget\" data-widget_type=\"text-editor.default\">\n\t\t\t\t\t\t\t\t\t<p>Det f\u00f8rste du skal g\u00f8re er at tjekke, om Python er installeret p\u00e5 din computer og hvilken version det er. Denne bog er lavet til Python 3.12. Men opskrifterne burde ogs\u00e5 virke til en nyere version.<\/p><p><strong>Hvis du har en Windows-computer<\/strong><br \/>\u00c5bn en terminal, hvor du kan skrive en kommando. Du kan finde den igennem start-menuen. Skriv python &#8211;version og tryk p\u00e5 returtasten.<\/p><p>Hvis din version hedder noget med 2.x.x eller 1.x.x, skal den opdateres.<\/p><p><strong>Hvis du har en MAC-computer<\/strong><br \/>\u00c5bn en terminal, hvor du kan skrive en kommando. Du kan finde den ved at s\u00f8ge efter den.\u00a0<\/p><p>Skriv python3 og tryk p\u00e5 returtasten. Hvis den melder fejl, skal den opdateres.<\/p><p><strong>Hvis Python skal opdateres<\/strong><br \/>G\u00e5 ind p\u00e5 siden <a href=\"https:\/\/www.python.org\/downloads\/\" target=\"_blank\" rel=\"noopener noreferrer nofollow\">https:\/\/www.python.org\/downloads\/<\/a> og f\u00f8lg vejledningen for at opdatere Python.<\/p>\t\t\t\t\t\t\t\t<\/div>\n\t\t\t\t\t<\/div>\n\t\t\t\t<\/div>\n\t\t<div class=\"elementor-element elementor-element-9fe179c e-flex e-con-boxed e-con e-parent\" data-id=\"9fe179c\" data-element_type=\"container\" data-e-type=\"container\">\n\t\t\t\t\t<div class=\"e-con-inner\">\n\t\t\t\t<div class=\"elementor-element elementor-element-2a46930 elementor-widget-divider--view-line elementor-widget elementor-widget-global elementor-global-429 elementor-widget-divider\" data-id=\"2a46930\" data-element_type=\"widget\" data-e-type=\"widget\" data-widget_type=\"divider.default\">\n\t\t\t\t\t\t\t<div class=\"elementor-divider\">\n\t\t\t<span class=\"elementor-divider-separator\">\n\t\t\t\t\t\t<\/span>\n\t\t<\/div>\n\t\t\t\t\t\t<\/div>\n\t\t\t\t\t<\/div>\n\t\t\t\t<\/div>\n\t\t<div class=\"elementor-element elementor-element-a434c3a e-flex e-con-boxed e-con e-parent\" data-id=\"a434c3a\" data-element_type=\"container\" data-e-type=\"container\">\n\t\t\t\t\t<div class=\"e-con-inner\">\n\t\t\t\t<div class=\"elementor-element elementor-element-44cfc7c elementor-widget elementor-widget-heading\" data-id=\"44cfc7c\" data-element_type=\"widget\" data-e-type=\"widget\" data-widget_type=\"heading.default\">\n\t\t\t\t\t<h2 class=\"elementor-heading-title elementor-size-default\">V\u00e6lg en editor\n\n<\/h2>\t\t\t\t<\/div>\n\t\t\t\t\t<\/div>\n\t\t\t\t<\/div>\n\t\t<div class=\"elementor-element elementor-element-cf4b1b4 e-flex e-con-boxed e-con e-parent\" data-id=\"cf4b1b4\" data-element_type=\"container\" data-e-type=\"container\">\n\t\t\t\t\t<div class=\"e-con-inner\">\n\t\t\t\t<div class=\"elementor-element elementor-element-da0c251 elementor-widget elementor-widget-text-editor\" data-id=\"da0c251\" data-element_type=\"widget\" data-e-type=\"widget\" data-widget_type=\"text-editor.default\">\n\t\t\t\t\t\t\t\t\t<p>Jeg anbefaler <strong>Visual Studio Code<\/strong>, som flere professionelle ogs\u00e5 bruger. Den kan hentes gratis her: <a href=\"https:\/\/code.visualstudio.com\/download\" target=\"_blank\" rel=\"noopener noreferrer nofollow\">https:\/\/code.visualstudio.com\/download<\/a><br \/><br \/>N\u00e5r du v\u00e6lger denne l\u00f8sning, vil alle dine projekter blive gemt lokalt p\u00e5 din computer.<\/p>\t\t\t\t\t\t\t\t<\/div>\n\t\t\t\t\t<\/div>\n\t\t\t\t<\/div>\n\t\t\t\t<\/div>\n\t\t","protected":false},"excerpt":{"rendered":"<p>Python kr\u00e6ver en computer, hvor du selv kan installere programmer p\u00e5. Det betyder, at du i \u00f8jeblikket ikke kan deltage i en workshop med Python, hvis du kun har en Chromebook. I Scratch er du vant til at alt k\u00f8rer samme sted. I Python er kodev\u00e6rkt\u00f8jet opdelt i: Python &#8211; maskindelen, der g\u00f8r det muligt &#8230; <a title=\"G\u00f8r Python klar\" class=\"read-more\" href=\"https:\/\/programmering-for-alle.dk\/index.php\/python\/goer-python-klar\/\" aria-label=\"Read more about G\u00f8r Python klar\">L\u00e6s mere <\/a><\/p>\n","protected":false},"author":1,"featured_media":0,"parent":90,"menu_order":0,"comment_status":"closed","ping_status":"closed","template":"","meta":{"footnotes":""},"class_list":["post-428","page","type-page","status-publish"],"_links":{"self":[{"href":"https:\/\/programmering-for-alle.dk\/index.php\/wp-json\/wp\/v2\/pages\/428","targetHints":{"allow":["GET"]}}],"collection":[{"href":"https:\/\/programmering-for-alle.dk\/index.php\/wp-json\/wp\/v2\/pages"}],"about":[{"href":"https:\/\/programmering-for-alle.dk\/index.php\/wp-json\/wp\/v2\/types\/page"}],"author":[{"embeddable":true,"href":"https:\/\/programmering-for-alle.dk\/index.php\/wp-json\/wp\/v2\/users\/1"}],"replies":[{"embeddable":true,"href":"https:\/\/programmering-for-alle.dk\/index.php\/wp-json\/wp\/v2\/comments?post=428"}],"version-history":[{"count":6,"href":"https:\/\/programmering-for-alle.dk\/index.php\/wp-json\/wp\/v2\/pages\/428\/revisions"}],"predecessor-version":[{"id":438,"href":"https:\/\/programmering-for-alle.dk\/index.php\/wp-json\/wp\/v2\/pages\/428\/revisions\/438"}],"up":[{"embeddable":true,"href":"https:\/\/programmering-for-alle.dk\/index.php\/wp-json\/wp\/v2\/pages\/90"}],"wp:attachment":[{"href":"https:\/\/programmering-for-alle.dk\/index.php\/wp-json\/wp\/v2\/media?parent=428"}],"curies":[{"name":"wp","href":"https:\/\/api.w.org\/{rel}","templated":true}]}}