{"id":100,"date":"2026-03-11T10:05:47","date_gmt":"2026-03-11T10:05:47","guid":{"rendered":"https:\/\/programmering-for-alle.dk\/?page_id=100"},"modified":"2026-04-08T08:39:59","modified_gmt":"2026-04-08T08:39:59","slug":"brug-for-hjaelp","status":"publish","type":"page","link":"https:\/\/programmering-for-alle.dk\/index.php\/brug-for-hjaelp\/","title":{"rendered":"Brug for hj\u00e6lp?"},"content":{"rendered":"\t\t<div data-elementor-type=\"wp-page\" data-elementor-id=\"100\" class=\"elementor elementor-100\" data-elementor-post-type=\"page\">\n\t\t\t\t<div class=\"elementor-element elementor-element-9a795a2 e-flex e-con-boxed e-con e-parent\" data-id=\"9a795a2\" data-element_type=\"container\" data-e-type=\"container\">\n\t\t\t\t\t<div class=\"e-con-inner\">\n\t\t\t\t<div class=\"elementor-element elementor-element-29e38ae elementor-widget elementor-widget-text-editor\" data-id=\"29e38ae\" data-element_type=\"widget\" data-e-type=\"widget\" data-widget_type=\"text-editor.default\">\n\t\t\t\t\t\t\t\t\t<p>Jeg tilbyder f\u00f8lgende:<\/p><ul><li>Workshops i Greve \/ Karlslunde (starter op igen september 2026) &#8211; de bliver annonceret her p\u00e5 denne side og i mit nyhedsbrev.<br \/><br \/><\/li><li>Jeg kommer gerne ud p\u00e5 biblioteker og andre fritidstilbud og holder workshops for b\u00f8rn og evt. for\u00e6ldre<br \/><br \/><\/li><li>Jeg kommer ogs\u00e5 gerne ud p\u00e5 andre skoler og laver kortere workshops eller undervisningsforl\u00f8b i klassen sammen med l\u00e6reren<br \/><br \/><\/li><li>Jeg hj\u00e6lper ogs\u00e5 gerne l\u00e6rere og andre undervisere med kompetenceudvikling hvor de f\u00e5r inspiration til, hvordan programmering (en del af teknologiforst\u00e5elsen) kan indg\u00e5 i forskellige fag.<\/li><\/ul><p>Indholdet kan tilpasses til b\u00e5de forskellige fag, emner og niveauer.<\/p><p>Skriv til mig og f\u00e5 et uforpligtende tilbud.<\/p>\t\t\t\t\t\t\t\t<\/div>\n\t\t\t\t\t<\/div>\n\t\t\t\t<\/div>\n\t\t<div class=\"elementor-element elementor-element-fd6f8e9 e-flex e-con-boxed e-con e-parent\" data-id=\"fd6f8e9\" data-element_type=\"container\" data-e-type=\"container\">\n\t\t\t\t\t<div class=\"e-con-inner\">\n\t\t\t\t<div class=\"elementor-element elementor-element-41a400c elementor-widget-divider--view-line elementor-widget elementor-widget-global elementor-global-314 elementor-widget-divider\" data-id=\"41a400c\" data-element_type=\"widget\" data-e-type=\"widget\" data-widget_type=\"divider.default\">\n\t\t\t\t\t\t\t<div class=\"elementor-divider\">\n\t\t\t<span class=\"elementor-divider-separator\">\n\t\t\t\t\t\t<\/span>\n\t\t<\/div>\n\t\t\t\t\t\t<\/div>\n\t\t\t\t\t<\/div>\n\t\t\t\t<\/div>\n\t\t<div class=\"elementor-element elementor-element-2a36702 e-flex e-con-boxed e-con e-parent\" data-id=\"2a36702\" data-element_type=\"container\" data-e-type=\"container\">\n\t\t\t\t\t<div class=\"e-con-inner\">\n\t\t\t\t<div class=\"elementor-element elementor-element-bf4caff elementor-widget elementor-widget-heading\" data-id=\"bf4caff\" data-element_type=\"widget\" data-e-type=\"widget\" data-widget_type=\"heading.default\">\n\t\t\t\t\t<h3 class=\"elementor-heading-title elementor-size-default\">Kontakt<\/h3>\t\t\t\t<\/div>\n\t\t\t\t\t<\/div>\n\t\t\t\t<\/div>\n\t\t<div class=\"elementor-element elementor-element-b4f88df e-flex e-con-boxed e-con e-parent\" data-id=\"b4f88df\" data-element_type=\"container\" data-e-type=\"container\">\n\t\t\t\t\t<div class=\"e-con-inner\">\n\t\t\t\t<div class=\"elementor-element elementor-element-e658431 elementor-position-left elementor-vertical-align-middle elementor-widget elementor-widget-image-box\" data-id=\"e658431\" data-element_type=\"widget\" data-e-type=\"widget\" data-widget_type=\"image-box.default\">\n\t\t\t\t\t<div class=\"elementor-image-box-wrapper\"><figure class=\"elementor-image-box-img\"><img fetchpriority=\"high\" decoding=\"async\" width=\"1050\" height=\"975\" src=\"https:\/\/programmering-for-alle.dk\/wp-content\/uploads\/2026\/03\/kirsten_blog_lille.png\" class=\"attachment-full size-full wp-image-483\" alt=\"Hvem jeg er\" srcset=\"https:\/\/programmering-for-alle.dk\/wp-content\/uploads\/2026\/03\/kirsten_blog_lille.png 1050w, https:\/\/programmering-for-alle.dk\/wp-content\/uploads\/2026\/03\/kirsten_blog_lille-300x279.png 300w, https:\/\/programmering-for-alle.dk\/wp-content\/uploads\/2026\/03\/kirsten_blog_lille-1024x951.png 1024w, https:\/\/programmering-for-alle.dk\/wp-content\/uploads\/2026\/03\/kirsten_blog_lille-768x713.png 768w\" sizes=\"(max-width: 1050px) 100vw, 1050px\" \/><\/figure><div class=\"elementor-image-box-content\"><h3 class=\"elementor-image-box-title\">Kirsten Dam Pedersen<\/h3><p class=\"elementor-image-box-description\">kirsten@programmering-for-alle.dk<\/p><\/div><\/div>\t\t\t\t<\/div>\n\t\t\t\t\t<\/div>\n\t\t\t\t<\/div>\n\t\t<div class=\"elementor-element elementor-element-870f9b7 e-flex e-con-boxed e-con e-parent\" data-id=\"870f9b7\" data-element_type=\"container\" data-e-type=\"container\">\n\t\t\t\t\t<div class=\"e-con-inner\">\n\t\t\t\t<div class=\"elementor-element elementor-element-a749a69 elementor-widget-divider--view-line elementor-widget elementor-widget-global elementor-global-314 elementor-widget-divider\" data-id=\"a749a69\" data-element_type=\"widget\" data-e-type=\"widget\" data-widget_type=\"divider.default\">\n\t\t\t\t\t\t\t<div class=\"elementor-divider\">\n\t\t\t<span class=\"elementor-divider-separator\">\n\t\t\t\t\t\t<\/span>\n\t\t<\/div>\n\t\t\t\t\t\t<\/div>\n\t\t\t\t\t<\/div>\n\t\t\t\t<\/div>\n\t\t<div class=\"elementor-element elementor-element-ea099f3 e-flex e-con-boxed e-con e-parent\" data-id=\"ea099f3\" data-element_type=\"container\" data-e-type=\"container\">\n\t\t\t\t\t<div class=\"e-con-inner\">\n\t\t\t\t<div class=\"elementor-element elementor-element-bcb987e elementor-widget elementor-widget-heading\" data-id=\"bcb987e\" data-element_type=\"widget\" data-e-type=\"widget\" data-widget_type=\"heading.default\">\n\t\t\t\t\t<h2 class=\"elementor-heading-title elementor-size-default\">Scratch p\u00e5 dansk<\/h2>\t\t\t\t<\/div>\n\t\t\t\t\t<\/div>\n\t\t\t\t<\/div>\n\t\t<div class=\"elementor-element elementor-element-a32d1f5 e-flex e-con-boxed e-con e-parent\" data-id=\"a32d1f5\" data-element_type=\"container\" data-e-type=\"container\">\n\t\t\t\t\t<div class=\"e-con-inner\">\n\t\t\t\t<div class=\"elementor-element elementor-element-0f93b3e elementor-widget elementor-widget-text-editor\" data-id=\"0f93b3e\" data-element_type=\"widget\" data-e-type=\"widget\" data-widget_type=\"text-editor.default\">\n\t\t\t\t\t\t\t\t\t<p>Hvis du skriver til mig, vil du modtage et uforpligtende tilbud fra mit firma Scratch p\u00e5 dansk.\u00a0<span style=\"font-family: -apple-system, system-ui, BlinkMacSystemFont, 'Segoe UI', Helvetica, Arial, sans-serif, 'Apple Color Emoji', 'Segoe UI Emoji', 'Segoe UI Symbol';\">Faktureringen vil ogs\u00e5 foreg\u00e5 herigennem.<\/span><\/p><p>Scratch p\u00e5 dansk v. Kirsten Dam Pedersen<br \/>Ingesvej 8A, 2690 Karlslunde<\/p><p>CVR-nummer: 38803107<\/p>\t\t\t\t\t\t\t\t<\/div>\n\t\t\t\t\t<\/div>\n\t\t\t\t<\/div>\n\t\t\t\t<\/div>\n\t\t","protected":false},"excerpt":{"rendered":"<p>Jeg tilbyder f\u00f8lgende: Workshops i Greve \/ Karlslunde (starter op igen september 2026) &#8211; de bliver annonceret her p\u00e5 denne side og i mit nyhedsbrev. Jeg kommer gerne ud p\u00e5 biblioteker og andre fritidstilbud og holder workshops for b\u00f8rn og evt. for\u00e6ldre Jeg kommer ogs\u00e5 gerne ud p\u00e5 andre skoler og laver kortere workshops eller &#8230; <a title=\"Brug for hj\u00e6lp?\" class=\"read-more\" href=\"https:\/\/programmering-for-alle.dk\/index.php\/brug-for-hjaelp\/\" aria-label=\"Read more about Brug for hj\u00e6lp?\">L\u00e6s mere <\/a><\/p>\n","protected":false},"author":1,"featured_media":0,"parent":0,"menu_order":0,"comment_status":"closed","ping_status":"closed","template":"","meta":{"footnotes":""},"class_list":["post-100","page","type-page","status-publish"],"_links":{"self":[{"href":"https:\/\/programmering-for-alle.dk\/index.php\/wp-json\/wp\/v2\/pages\/100","targetHints":{"allow":["GET"]}}],"collection":[{"href":"https:\/\/programmering-for-alle.dk\/index.php\/wp-json\/wp\/v2\/pages"}],"about":[{"href":"https:\/\/programmering-for-alle.dk\/index.php\/wp-json\/wp\/v2\/types\/page"}],"author":[{"embeddable":true,"href":"https:\/\/programmering-for-alle.dk\/index.php\/wp-json\/wp\/v2\/users\/1"}],"replies":[{"embeddable":true,"href":"https:\/\/programmering-for-alle.dk\/index.php\/wp-json\/wp\/v2\/comments?post=100"}],"version-history":[{"count":13,"href":"https:\/\/programmering-for-alle.dk\/index.php\/wp-json\/wp\/v2\/pages\/100\/revisions"}],"predecessor-version":[{"id":577,"href":"https:\/\/programmering-for-alle.dk\/index.php\/wp-json\/wp\/v2\/pages\/100\/revisions\/577"}],"wp:attachment":[{"href":"https:\/\/programmering-for-alle.dk\/index.php\/wp-json\/wp\/v2\/media?parent=100"}],"curies":[{"name":"wp","href":"https:\/\/api.w.org\/{rel}","templated":true}]}}